{"id":10,"date":"2022-12-07T02:09:57","date_gmt":"2022-12-07T02:09:57","guid":{"rendered":"https:\/\/ltadigital.com\/?page_id=10"},"modified":"2023-04-06T14:56:28","modified_gmt":"2023-04-06T07:56:28","slug":"dich-vu","status":"publish","type":"page","link":"https:\/\/ltadigital.com\/index.php\/dich-vu\/","title":{"rendered":"D\u1ecbch v\u1ee5 VAS"},"content":{"rendered":"\n<figure class=\"wp-block-image size-large\" style=\"text-align: justify;\"><img decoding=\"async\" src=\"https:\/\/blog.infraspeak.com\/wp-content\/uploads\/2021\/08\/Maintenance-as-a-Service.jpeg\" alt=\"\" \/><\/figure>\n\n\n\n<p style=\"text-align: justify;\"><em><strong>LTA Digital<\/strong><\/em> l\u00e0 m\u1ed9t trong c\u00e1c \u0111\u1ed1i t\u00e1c c\u1ee7a Viettel, Vinaphone, Mobifone, Vietnamobile\u2026trong vi\u1ec7c tri\u1ec3n khai c\u00e1c d\u1ecbch v\u1ee5\u00a0 tr\u00ean thi\u1ebft b\u1ecb di \u0111\u1ed9ng nh\u01b0:<\/p>\n<p style=\"text-align: justify;\"><strong>Tr\u00ean n\u1ec1n t\u1ea3ng di \u0111\u1ed9ng:<\/strong> N\u1ec1n t\u1ea3ng tin nh\u1eafn, tho\u1ea1i, \u1ee9ng ti\u1ec1n<\/p>\n<p style=\"text-align: justify;\"><strong>Ti\u1ebfp th\u1ecb s\u1ed1:<\/strong> Cu\u1ed9c g\u1ecdi th\u01b0\u01a1ng hi\u1ec7u, M\u1ea1ng qu\u1ea3ng c\u00e1o, Gi\u1ea3i ph\u00e1p ti\u1ebfp th\u1ecb &amp; Ch\u0103m s\u00f3c kh\u00e1ch h\u00e0ng<\/p>\n<p style=\"text-align: justify;\"><strong>D\u1ecbch v\u1ee5 gi\u00e1 tr\u1ecb gia t\u0103ng:<\/strong><\/p>\n<ul style=\"text-align: justify;\">\n<li>Game ( C\u1ed5ng game HTML, Cloud Gaming),\u00a0<\/li>\n\n\n\n<li>Nh\u1ea1c, h\u00ecnh \u1ea3nh, video<\/li>\n\n\n\n<li>Tr\u00f2 ch\u01a1i tr\u1ef1c tuy\u1ebfn<\/li>\n<\/ul>\n\n\n\n<p style=\"text-align: justify;\"><strong>Myclip<\/strong> l\u00e0 d\u1ecbch v\u1ee5 cung c\u1ea5p d\u01b0\u1edbi d\u1ea1ng m\u1ea1ng x\u00e3 h\u1ed9i cho ph\u00e9p ng\u01b0\u1eddi d\u00f9ng c\u00f3 th\u1ec3 upload\/xem\/chia s\u1ebb n\u1ed9i dung gi\u1eefa c\u00e1c th\u00e0nh vi\u00ean<\/p>\n\n\n\n<p style=\"padding-left: 40px; text-align: justify;\">\u0110\u1ecba ch\u1ec9 truy c\u1eadp: <a href=\"https:\/\/myclip.vn\">https:\/\/myclip.vn<\/a><\/p>\n\n\n\n<p style=\"text-align: justify;\"><strong>Voiz FM<\/strong> l\u00e0 \u1ee9ng d\u1ee5ng nghe Podcast v\u00e0 s\u00e1ch n\u00f3i b\u1ea3n quy\u1ec1n h\u00e0ng \u0111\u1ea7u t\u1ea1i Vi\u1ec7t Nam, d\u1ecbch v\u1ee5 cho ph\u00e9p kh\u00e1ch h\u00e0ng c\u00f3 nh\u1eefng gi\u00e2y ph\u00fat tr\u1ea3i nghi\u1ec7m \u00e2m thanh, ch\u1ea5t l\u01b0\u1ee3ng m\u1ecdi l\u00fac, m\u1ecdi n\u01a1i. D\u1ecbch v\u1ee5 c\u00f3 \u1ee9ng d\u1ee5ng t\u00edch h\u1ee3p c\u00f4ng ngh\u1ec7 gi\u1ecdng \u0111\u1ecdc tr\u00ed tu\u1ec7 nh\u00e2n t\u1ea1o (AI Voice)<\/p>\n\n\n\n<p style=\"padding-left: 40px; text-align: justify;\">\u0110\u1ecba ch\u1ec9 truy c\u1eadp: <a href=\"https:\/\/voiz.vn\/\">https:\/\/voiz.vn\/<\/a><\/p>\n","protected":false},"excerpt":{"rendered":"<p>LTA Digital l\u00e0 m\u1ed9t trong c\u00e1c \u0111\u1ed1i t\u00e1c c\u1ee7a Viettel, Vinaphone, Mobifone, Vietnamobile\u2026trong vi\u1ec7c tri\u1ec3n khai c\u00e1c d\u1ecbch v\u1ee5\u00a0 tr\u00ean thi\u1ebft b\u1ecb di \u0111\u1ed9ng nh\u01b0: Tr\u00ean n\u1ec1n t\u1ea3ng di \u0111\u1ed9ng: &#8230;<\/p>\n","protected":false},"author":1,"featured_media":0,"parent":0,"menu_order":0,"comment_status":"closed","ping_status":"closed","template":"","meta":{"_regular_price":[],"currency_symbol":[],"footnotes":""},"class_list":["post-10","page","type-page","status-publish","hentry"],"post_slider_layout_featured_media_urls":{"thumbnail":"","post_slider_layout_landscape_large":"","post_slider_layout_portrait_large":"","post_slider_layout_square_large":"","post_slider_layout_landscape":"","post_slider_layout_portrait":"","post_slider_layout_square":"","full":""},"yoast_head":"<!-- This site is optimized with the Yoast SEO plugin v19.11 - https:\/\/yoast.com\/wordpress\/plugins\/seo\/ -->\n<title>D\u1ecbch v\u1ee5 VAS - LTA Digital<\/title>\n<meta name=\"robots\" content=\"index, follow, max-snippet:-1, max-image-preview:large, max-video-preview:-1\" \/>\n<link rel=\"canonical\" href=\"https:\/\/ltadigital.com\/index.php\/dich-vu\/\" \/>\n<meta property=\"og:locale\" content=\"vi_VN\" \/>\n<meta property=\"og:type\" content=\"article\" \/>\n<meta property=\"og:title\" content=\"D\u1ecbch v\u1ee5 VAS - LTA Digital\" \/>\n<meta property=\"og:description\" content=\"LTA Digital l\u00e0 m\u1ed9t trong c\u00e1c \u0111\u1ed1i t\u00e1c c\u1ee7a Viettel, Vinaphone, Mobifone, Vietnamobile\u2026trong vi\u1ec7c tri\u1ec3n khai c\u00e1c d\u1ecbch v\u1ee5\u00a0 tr\u00ean thi\u1ebft b\u1ecb di \u0111\u1ed9ng nh\u01b0: Tr\u00ean n\u1ec1n t\u1ea3ng di \u0111\u1ed9ng: ...\" \/>\n<meta property=\"og:url\" content=\"https:\/\/ltadigital.com\/index.php\/dich-vu\/\" \/>\n<meta property=\"og:site_name\" content=\"LTA Digital\" \/>\n<meta property=\"article:modified_time\" content=\"2023-04-06T07:56:28+00:00\" \/>\n<meta property=\"og:image\" content=\"https:\/\/blog.infraspeak.com\/wp-content\/uploads\/2021\/08\/Maintenance-as-a-Service.jpeg\" \/>\n<meta name=\"twitter:card\" content=\"summary_large_image\" \/>\n<meta name=\"twitter:label1\" content=\"\u01af\u1edbc t\u00ednh th\u1eddi gian \u0111\u1ecdc\" \/>\n\t<meta name=\"twitter:data1\" content=\"1 ph\u00fat\" \/>\n<script type=\"application\/ld+json\" class=\"yoast-schema-graph\">{\"@context\":\"https:\/\/schema.org\",\"@graph\":[{\"@type\":\"WebPage\",\"@id\":\"https:\/\/ltadigital.com\/index.php\/dich-vu\/\",\"url\":\"https:\/\/ltadigital.com\/index.php\/dich-vu\/\",\"name\":\"D\u1ecbch v\u1ee5 VAS - LTA Digital\",\"isPartOf\":{\"@id\":\"https:\/\/ltadigital.com\/#website\"},\"datePublished\":\"2022-12-07T02:09:57+00:00\",\"dateModified\":\"2023-04-06T07:56:28+00:00\",\"breadcrumb\":{\"@id\":\"https:\/\/ltadigital.com\/index.php\/dich-vu\/#breadcrumb\"},\"inLanguage\":\"vi\",\"potentialAction\":[{\"@type\":\"ReadAction\",\"target\":[\"https:\/\/ltadigital.com\/index.php\/dich-vu\/\"]}]},{\"@type\":\"BreadcrumbList\",\"@id\":\"https:\/\/ltadigital.com\/index.php\/dich-vu\/#breadcrumb\",\"itemListElement\":[{\"@type\":\"ListItem\",\"position\":1,\"name\":\"Home\",\"item\":\"https:\/\/ltadigital.com\/\"},{\"@type\":\"ListItem\",\"position\":2,\"name\":\"D\u1ecbch v\u1ee5 VAS\"}]},{\"@type\":\"WebSite\",\"@id\":\"https:\/\/ltadigital.com\/#website\",\"url\":\"https:\/\/ltadigital.com\/\",\"name\":\"LTA Digital\",\"description\":\"\",\"publisher\":{\"@id\":\"https:\/\/ltadigital.com\/#organization\"},\"potentialAction\":[{\"@type\":\"SearchAction\",\"target\":{\"@type\":\"EntryPoint\",\"urlTemplate\":\"https:\/\/ltadigital.com\/?s={search_term_string}\"},\"query-input\":\"required name=search_term_string\"}],\"inLanguage\":\"vi\"},{\"@type\":\"Organization\",\"@id\":\"https:\/\/ltadigital.com\/#organization\",\"name\":\"LTA Digital\",\"url\":\"https:\/\/ltadigital.com\/\",\"logo\":{\"@type\":\"ImageObject\",\"inLanguage\":\"vi\",\"@id\":\"https:\/\/ltadigital.com\/#\/schema\/logo\/image\/\",\"url\":\"https:\/\/ltadigital.com\/wp-content\/uploads\/2022\/12\/cropped-lta-logo.png\",\"contentUrl\":\"https:\/\/ltadigital.com\/wp-content\/uploads\/2022\/12\/cropped-lta-logo.png\",\"width\":412,\"height\":141,\"caption\":\"LTA Digital\"},\"image\":{\"@id\":\"https:\/\/ltadigital.com\/#\/schema\/logo\/image\/\"}}]}<\/script>\n<!-- \/ Yoast SEO plugin. -->","yoast_head_json":{"title":"D\u1ecbch v\u1ee5 VAS - LTA Digital","robots":{"index":"index","follow":"follow","max-snippet":"max-snippet:-1","max-image-preview":"max-image-preview:large","max-video-preview":"max-video-preview:-1"},"canonical":"https:\/\/ltadigital.com\/index.php\/dich-vu\/","og_locale":"vi_VN","og_type":"article","og_title":"D\u1ecbch v\u1ee5 VAS - LTA Digital","og_description":"LTA Digital l\u00e0 m\u1ed9t trong c\u00e1c \u0111\u1ed1i t\u00e1c c\u1ee7a Viettel, Vinaphone, Mobifone, Vietnamobile\u2026trong vi\u1ec7c tri\u1ec3n khai c\u00e1c d\u1ecbch v\u1ee5\u00a0 tr\u00ean thi\u1ebft b\u1ecb di \u0111\u1ed9ng nh\u01b0: Tr\u00ean n\u1ec1n t\u1ea3ng di \u0111\u1ed9ng: ...","og_url":"https:\/\/ltadigital.com\/index.php\/dich-vu\/","og_site_name":"LTA Digital","article_modified_time":"2023-04-06T07:56:28+00:00","og_image":[{"url":"https:\/\/blog.infraspeak.com\/wp-content\/uploads\/2021\/08\/Maintenance-as-a-Service.jpeg"}],"twitter_card":"summary_large_image","twitter_misc":{"\u01af\u1edbc t\u00ednh th\u1eddi gian \u0111\u1ecdc":"1 ph\u00fat"},"schema":{"@context":"https:\/\/schema.org","@graph":[{"@type":"WebPage","@id":"https:\/\/ltadigital.com\/index.php\/dich-vu\/","url":"https:\/\/ltadigital.com\/index.php\/dich-vu\/","name":"D\u1ecbch v\u1ee5 VAS - LTA Digital","isPartOf":{"@id":"https:\/\/ltadigital.com\/#website"},"datePublished":"2022-12-07T02:09:57+00:00","dateModified":"2023-04-06T07:56:28+00:00","breadcrumb":{"@id":"https:\/\/ltadigital.com\/index.php\/dich-vu\/#breadcrumb"},"inLanguage":"vi","potentialAction":[{"@type":"ReadAction","target":["https:\/\/ltadigital.com\/index.php\/dich-vu\/"]}]},{"@type":"BreadcrumbList","@id":"https:\/\/ltadigital.com\/index.php\/dich-vu\/#breadcrumb","itemListElement":[{"@type":"ListItem","position":1,"name":"Home","item":"https:\/\/ltadigital.com\/"},{"@type":"ListItem","position":2,"name":"D\u1ecbch v\u1ee5 VAS"}]},{"@type":"WebSite","@id":"https:\/\/ltadigital.com\/#website","url":"https:\/\/ltadigital.com\/","name":"LTA Digital","description":"","publisher":{"@id":"https:\/\/ltadigital.com\/#organization"},"potentialAction":[{"@type":"SearchAction","target":{"@type":"EntryPoint","urlTemplate":"https:\/\/ltadigital.com\/?s={search_term_string}"},"query-input":"required name=search_term_string"}],"inLanguage":"vi"},{"@type":"Organization","@id":"https:\/\/ltadigital.com\/#organization","name":"LTA Digital","url":"https:\/\/ltadigital.com\/","logo":{"@type":"ImageObject","inLanguage":"vi","@id":"https:\/\/ltadigital.com\/#\/schema\/logo\/image\/","url":"https:\/\/ltadigital.com\/wp-content\/uploads\/2022\/12\/cropped-lta-logo.png","contentUrl":"https:\/\/ltadigital.com\/wp-content\/uploads\/2022\/12\/cropped-lta-logo.png","width":412,"height":141,"caption":"LTA Digital"},"image":{"@id":"https:\/\/ltadigital.com\/#\/schema\/logo\/image\/"}}]}},"_links":{"self":[{"href":"https:\/\/ltadigital.com\/index.php\/wp-json\/wp\/v2\/pages\/10","targetHints":{"allow":["GET"]}}],"collection":[{"href":"https:\/\/ltadigital.com\/index.php\/wp-json\/wp\/v2\/pages"}],"about":[{"href":"https:\/\/ltadigital.com\/index.php\/wp-json\/wp\/v2\/types\/page"}],"author":[{"embeddable":true,"href":"https:\/\/ltadigital.com\/index.php\/wp-json\/wp\/v2\/users\/1"}],"replies":[{"embeddable":true,"href":"https:\/\/ltadigital.com\/index.php\/wp-json\/wp\/v2\/comments?post=10"}],"version-history":[{"count":11,"href":"https:\/\/ltadigital.com\/index.php\/wp-json\/wp\/v2\/pages\/10\/revisions"}],"predecessor-version":[{"id":607,"href":"https:\/\/ltadigital.com\/index.php\/wp-json\/wp\/v2\/pages\/10\/revisions\/607"}],"wp:attachment":[{"href":"https:\/\/ltadigital.com\/index.php\/wp-json\/wp\/v2\/media?parent=10"}],"curies":[{"name":"wp","href":"https:\/\/api.w.org\/{rel}","templated":true}]}}